{"id":39,"date":"2023-09-25T17:40:13","date_gmt":"2023-09-25T17:40:13","guid":{"rendered":"https:\/\/antenistaaltea.com\/?page_id=39"},"modified":"2023-10-31T12:37:49","modified_gmt":"2023-10-31T12:37:49","slug":"politica-de-privacidad","status":"publish","type":"page","link":"https:\/\/antenistaaltea.com\/index.php\/politica-de-privacidad\/","title":{"rendered":"Pol\u00edtica de privacidad"},"content":{"rendered":"[vc_row type=\u00bbin_container\u00bb full_screen_row_position=\u00bbmiddle\u00bb column_margin=\u00bbdefault\u00bb column_direction=\u00bbdefault\u00bb column_direction_tablet=\u00bbdefault\u00bb column_direction_phone=\u00bbdefault\u00bb scene_position=\u00bbcenter\u00bb text_color=\u00bbdark\u00bb text_align=\u00bbleft\u00bb row_border_radius=\u00bbnone\u00bb row_border_radius_applies=\u00bbbg\u00bb overflow=\u00bbvisible\u00bb overlay_strength=\u00bb0.3&#8243; gradient_direction=\u00bbleft_to_right\u00bb shape_divider_position=\u00bbbottom\u00bb bg_image_animation=\u00bbnone\u00bb][vc_column column_padding=\u00bbno-extra-padding\u00bb column_padding_tablet=\u00bbinherit\u00bb column_padding_phone=\u00bbinherit\u00bb column_padding_position=\u00bball\u00bb column_element_direction_desktop=\u00bbdefault\u00bb column_element_spacing=\u00bbdefault\u00bb desktop_text_alignment=\u00bbdefault\u00bb tablet_text_alignment=\u00bbdefault\u00bb phone_text_alignment=\u00bbdefault\u00bb background_color_opacity=\u00bb1&#8243; background_hover_color_opacity=\u00bb1&#8243; column_backdrop_filter=\u00bbnone\u00bb column_shadow=\u00bbnone\u00bb column_border_radius=\u00bbnone\u00bb column_link_target=\u00bb_self\u00bb column_position=\u00bbdefault\u00bb gradient_direction=\u00bbleft_to_right\u00bb overlay_strength=\u00bb0.3&#8243; width=\u00bb1\/1&#8243; tablet_width_inherit=\u00bbdefault\u00bb animation_type=\u00bbdefault\u00bb bg_image_animation=\u00bbnone\u00bb border_type=\u00bbsimple\u00bb column_border_width=\u00bbnone\u00bb column_border_style=\u00bbsolid\u00bb][vc_column_text]\n<p>POL\u00cdTICA DE PRIVACIDAD Y AVISO LEGAL<\/p>\n<p>Informaci\u00f3n del titular de la web<br \/>\nYANSSEN JOSE DE LA HOZ PAEZ CIF\/NIF 48796141P con domicilio en C\/DR MARA\u00d1ON 20 1a,<br \/>\nMONFORTE DEL CID (ALICANTE), 03670 y mail de comunicaciones ORTIZNELIDA06@GMAIL.COM.<br \/>\nResponsable de protecci\u00f3n de datos<br \/>\nEl titular es el responsable de los datos personales que son recabados por la navegaci\u00f3n y uso de esta<br \/>\nweb conforme a los requisitos establecidos por el REGLAMENTO (UE) 2016\/679 relativo a la protecci\u00f3n<br \/>\nde datos de las personas f\u00edsicas as\u00ed como conforme a la Ley 34\/2002 de 11 de julio de Servicios de<br \/>\nla Sociedad de la Informaci\u00f3n y del Comercio Electr\u00f3nico (LSSI-CE) .<br \/>\nAl utilizar este sitio web entendemos que ha le\u00eddo y comprendido la informaci\u00f3n que se expone en<br \/>\nrelaci\u00f3n con el tratamiento de sus datos de car\u00e1cter personal.<br \/>\nPol\u00edtica de protecci\u00f3n de datos<br \/>\nEl responsable aplica el principio de responsabilidad activa en el tratamiento de los datos de car\u00e1cter<br \/>\npersonal, manteniendo una constante puesta al d\u00eda y una promoci\u00f3n de la mejora continua del sistema<br \/>\nde protecci\u00f3n de datos conforme a los requisitos legales exigibles, garantizando en todo caso:<br \/>\n* el respeto a las libertades y los derechos fundamentales de las personas f\u00edsicas<br \/>\n* que los datos son tratados de manera l\u00edcita, leal y transparente<br \/>\n* que los datos tratados son exactos, adecuados, pertinentes y limitados en relaci\u00f3n con los fines para los<br \/>\nque son recogidos<br \/>\n* que los fines para los que son recogidos son expl\u00edcitos y leg\u00edtimos y que no son tratados de manera<br \/>\nincompatible con dichos fines<br \/>\nLa finalidad de este documento es informar a los usuarios sobre qu\u00e9 hacemos con sus datos personales,<br \/>\nc\u00f3mo se recaban, para qu\u00e9 se utilizan, los derechos que les asisten as\u00ed como toda la informaci\u00f3n<br \/>\nlegal necesaria establecida por la normativa vigente.<br \/>\nDatos recabados, finalidad y licitud<br \/>\nLos datos de car\u00e1cter personal tratados son los aportados por los usuarios a trav\u00e9s de los formularios<br \/>\ndisponibles en este sitio web y son los m\u00ednimos exigibles para poder:<br \/>\n*enviarle informaci\u00f3n sobre nuestros productos \/ servicios<br \/>\n*atender consultas.<\/p>\n<p>*tramitar pedidos, as\u00ed como poder elaborar las facturas correspondientes, informar sobre el estado de los<br \/>\npedidos, atender reclamaciones y cualquier otra gesti\u00f3n derivada de la prestaci\u00f3n del servicio realizado a<br \/>\ntrav\u00e9s de este sitio web.<br \/>\nDichas finalidades est\u00e1n basadas en principios legales de tratamiento de los datos recogidos por la<br \/>\nnormativa vigente: para la ejecuci\u00f3n de un contrato o la prestaci\u00f3n de un servicio a los usuarios, para el<br \/>\ncumplimiento de obligaciones legales, por el inter\u00e9s leg\u00edtimo y con el consentimiento de los usuarios.<br \/>\nFormularios web<br \/>\nLos datos personales recabados a trav\u00e9s del formulario web de contacto se usan para poder atender<br \/>\ncualquier consulta que el usuario realice a trav\u00e9s del mismo.<br \/>\nLos datos personales recabados en el formulario de pedidos tienen la finalidad de tratar los datos<br \/>\nnecesarios para la correcta gesti\u00f3n de sus pedidos.<br \/>\nEl tratamiento de los datos est\u00e1 legitimado por el consentimiento que usted nos presta al aceptar<br \/>\nexpresamente las condiciones del tratamiento informadas a trav\u00e9s de esta pol\u00edtica de privacidad.<br \/>\nDestinatarios de los datos<br \/>\nLos datos de car\u00e1cter personal obtenidos a trav\u00e9s de los formularios web son registrados y conservados<br \/>\nen soportes electr\u00f3nicos controlados y supervisados por el responsable del tratamiento.<br \/>\nSus datos personales no ser\u00e1n comunicados a terceros, con la salvedad de que dicha comunicaci\u00f3n de<br \/>\ndatos est\u00e9 amparada en una obligaci\u00f3n legal o cuando para la correcta prestaci\u00f3n del servicio o la<br \/>\nejecuci\u00f3n del contrato sea necesario comunicar sus datos a terceros para poder efectuar el pago<br \/>\n(pasarelas de pago), as\u00ed como gestionar las entregas de los productos (transportistas) amparada dicha<br \/>\ncesi\u00f3n en las necesidades del servicio. Pago mediante otras pasarelas de pago, recomendamos al<br \/>\nusuario que le la pol\u00edtica de privacidad para entender c\u00f3mo maneja la informaci\u00f3n personal, por<br \/>\nejemplo:<br \/>\nRedsys Servicios de Procesamiento, S.L. (\u201cRedsys\u201d), con domicilio en Madrid, calle Francisco<br \/>\nSancha, n\u00famero 12, y con C.I.F. n\u00famero B-85955367, que cumple \u00edntegramente con la legislaci\u00f3n<br \/>\nvigente en materia de protecci\u00f3n de datos de car\u00e1cter personal y con los compromisos de<br \/>\nconfidencialidad propios de su actividad. Redsys ha adoptado las medidas t\u00e9cnicas necesarias para<br \/>\nmantener el nivel de seguridad requerido. Puede ver su pol\u00edtica de privacidad en<br \/>\nhttps:www.redsys.es\/legal\/20180223_politica_de_privacidad_web_publica_redsys.pdf<br \/>\nPayPal (Europe) S.\u00e0.r.l. et Cie, S.C.A. (R.C.S. Luxembourg B 118 349), cuya pol\u00edtica de privacidad<br \/>\nestablece las medidas de seguridad adecuadas para el correcto tratamiento de los datos personales de los<br \/>\nusuarios. Puede ver su pol\u00edtica de privacidad en<br \/>\nhttps:\/\/www.paypal.com\/es\/webapps\/mpp\/ua\/privacy-full?locale.x=es_ES#1<br \/>\nPara los casos en los que la comunicaci\u00f3n de datos a terceros no est\u00e9 amparada en las bases legales<br \/>\nestablecidas en el apartado anterior, la comunicaci\u00f3n de datos a otros destinatarios s\u00f3lo se realizar\u00e1 si<br \/>\nel usuario ha dado su consentimiento expreso.<\/p>\n<p>Se mantienen unos criterios estrictos de selecci\u00f3n de encargados de tratamiento y el compromiso<br \/>\ncontractual con cada uno de ellos para cumplir y hacer cumplir las obligaciones establecidas en materia de<br \/>\nprotecci\u00f3n de datos.<br \/>\nEn el caso de que existan transferencias internacionales de datos YANSSEN JOSE DE LA HOZ PAEZ<br \/>\ngarantizar\u00e1 que la transferencia de sus datos personales se realiza de conformidad con las leyes de<br \/>\nprivacidad aplicables y, en particular, que se apliquen las medidas contractuales, t\u00e9cnicas y organizativas<br \/>\nnecesarias, como las cla\u00fasulas contractuales est\u00e1ndar aprobadas por la Comisi\u00f3n Europea.<br \/>\nPuede obtener m\u00e1s informaci\u00f3n sobre el tratamiento de los datos personales de nuestra organizaci\u00f3n<br \/>\nsolicit\u00e1ndola en el mail: ORTIZNELIDA06@GMAIL.COM o accediendo a trav\u00e9s del siguiente enlace: https:\/\/www.accesousuario.com\/protecciondedatos\/rgpd\/informacion_consentimientoAPI.php?codEmpresa=84631<\/p>\n<p>Medidas t\u00e9cnicas y organizativas de protecci\u00f3n de datos<br \/>\nLos soportes cuentan con las medidas t\u00e9cnicas y organizativas necesarias que garantizan la<br \/>\nconfidencialidad y la conservaci\u00f3n de los datos personales obtenidos a trav\u00e9s de la web.<br \/>\nLos datos personales recabados desde la web son tratados mediante protocolo HTML con certificado SSL<br \/>\nv\u00e1lido.<br \/>\nEl personal implicado en las operaciones de tratamiento de datos: acceso, edici\u00f3n, borrado, etc&#8230; est\u00e1<br \/>\ncapacitado para ello, formado y comprometido con esta pol\u00edtica de protecci\u00f3n de datos.<br \/>\nConservaci\u00f3n de los datos<br \/>\nLos datos de car\u00e1cter personal obtenidos a trav\u00e9s del formulario de contacto ser\u00e1n conservados el<br \/>\ntiempo necesario para atender la solicitud\/consulta realizada.<br \/>\nLos datos de car\u00e1cter personal obtenidos a trav\u00e9s del formulario de pedidos ser\u00e1n conservados<br \/>\nmientras exista una relaci\u00f3n contractual y\/o comercial con usted o mientras usted no ejerza su derecho de<br \/>\nsupresi\u00f3n, cancelaci\u00f3n y\/o limitaci\u00f3n del tratamiento de sus datos.<br \/>\nVencida la relaci\u00f3n contractual mantendremos la informaci\u00f3n debidamente bloqueada, sin darle ning\u00fan<br \/>\nuso, mientras pueda ser necesaria para el ejercicio o defensa de reclamaciones o pueda derivarse alg\u00fan<br \/>\ntipo de responsabilidad judicial, legal o contractual de su tratamiento, que deba ser atendida y para lo cual<br \/>\nsea necesaria su recuperaci\u00f3n.<br \/>\nEn caso que haya aceptado expresamente el env\u00edo de informaci\u00f3n comercial conservaremos sus datos<br \/>\nde contacto hasta que usted nos comunique su decisi\u00f3n de anular dichos env\u00edos comerciales.<\/p>\n<p>Informaci\u00f3n sobre la existencia de decisiones automatizadas ( incluida la elaboraci\u00f3n de perfiles)<br \/>\nNormalmente no adoptamos decisiones autom\u00e1ticas, pero cuanto lo hagamos dejaremos claro que se<br \/>\nest\u00e1 adoptando ese tipo de decisi\u00f3n. No obstante, YANSSEN JOSE DE LA HOZ PAEZ CIF\/NIF<br \/>\n48796141P recoge varios apartados dedicados a la personalizaci\u00f3n de servicios a fin de mostrar<br \/>\npublicidad personalizada al ingresar en su sitio Web y tambi\u00e9n para el env\u00edo de comunicaciones<br \/>\npersonalizadas.<br \/>\nYANSSEN JOSE DE LA HOZ PAEZ CIF\/NIF 48796141P reconoce la posibilidad de la realizaci\u00f3n de<br \/>\nperfiles para mejorar su oferta de productos o personalizar el env\u00edo de ofertas comerciales o dar un trato<br \/>\nm\u00e1s personalizado al cliente.<br \/>\nOposici\u00f3n a que los datos sean tratados con fines publicitarios<br \/>\nSi diste tu consentimiento para que utilizaran tus datos con fines publicitarios y no deseas seguir<br \/>\nrecibiendo publicidad, puedes revocar el consentimiento prestado en cualquier momento y a trav\u00e9s del<br \/>\nenv\u00edo de un correo electr\u00f3nico a mail del responsable ORTIZNELIDA06@GMAIL.COM.<br \/>\nCambios en la Pol\u00edtica de Privacidad<br \/>\nEs posible que modifiquemos la informaci\u00f3n contenida en esta Pol\u00edtica de Privacidad y Cookies cuando<br \/>\nlo estimemos conveniente. En caso de que lo hagamos, te lo notificaremos por distintas v\u00edas a trav\u00e9s<br \/>\nde la Plataforma (por ejemplo, a trav\u00e9s de un banner, un pop-up o una notificaci\u00f3n push), o incluso te lo<br \/>\ncomunicaremos a tu direcci\u00f3n de correo electr\u00f3nico cuando el cambio en cuesti\u00f3n sea significativo para<br \/>\ncon tu privacidad, de manera que puedas revisar los cambios, valorarlos y, en su caso, oponerte o darte de<br \/>\nbaja en alg\u00fan servicio o funcionalidad. En cualquier caso, te sugerimos que revises esta Pol\u00edtica de<br \/>\nPrivacidad y Cookies de vez en cuando por si hubiera cambios menores o introducimos alguna mejora<br \/>\ninteractiva.<br \/>\nAVISO LEGAL<br \/>\nPropiedad intelectual e industrial<br \/>\nEl dise\u00f1o del portal y sus c\u00f3digos fuente, as\u00ed como los logos, marcas y dem\u00e1s signos distintivos que<br \/>\naparecen en el mismo pertenecen a (YANSSEN JOSE DE LA HOZ PAEZ) y est\u00e1n protegidos por los<br \/>\ncorrespondientes derechos de propiedad intelectual e industrial.<br \/>\nResponsabilidad de los contenidos<br \/>\nYANSSEN JOSE DE LA HOZ PAEZ CIF\/NIF 48796141P no se hace responsable de la legalidad de otros<br \/>\nsitios web de terceros desde los que pueda accederse al portal. Tampoco responde por la legalidad de<br \/>\notros sitios web de terceros, que pudieran estar vinculados o enlazados desde este portal.<br \/>\nYANSSEN JOSE DE LA HOZ PAEZ CIF\/NIF 48796141P no ser\u00e1 responsable del uso que terceros<br \/>\nhagan de la informaci\u00f3n publicada en el portal, ni tampoco de los da\u00f1os sufridos o p\u00e9rdidas<br \/>\necon\u00f3micas que, de forma directa o indirecta, produzcan o puedan producir perjuicios econ\u00f3micos,<br \/>\nmateriales o sobre datos, provocados por el uso de dicha informaci\u00f3n.<\/p>\n<p>Reproducci\u00f3n de contenidos<br \/>\nEn virtud de lo dispuesto en la Ley de Propiedad Intelectual quedan expresamente prohibidas la<br \/>\nreproducci\u00f3n, la distribuci\u00f3n y la comunicaci\u00f3n p\u00fablica de la totalidad o parte de los contenidos de esta<br \/>\np\u00e1gina web, con fines comerciales en cualquier soporte, y por cualquier medio t\u00e9cnico, sin la<br \/>\nautorizaci\u00f3n de YANSSEN JOSE DE LA HOZ PAEZ.<br \/>\nLey aplicable<br \/>\nYANSSEN JOSE DE LA HOZ PAEZ CIF\/NIF 48796141P se reserva la facultad de presentar las acciones<br \/>\nciviles o penales que considere necesaria por la utilizaci\u00f3n indebida del sitio Web y contenidos, o por el<br \/>\nincumplimiento de las presentes condiciones.<br \/>\nLa relaci\u00f3n entre el usuario y YANSSEN JOSE DE LA HOZ PAEZ CIF\/NIF 48796141P se regir\u00e1 por la<br \/>\nnormativa vigente y de aplicaci\u00f3n en el territorio nacional. De surgir cualquier controversia en relaci\u00f3n a<br \/>\nla interpretaci\u00f3n y\/o a la aplicaci\u00f3n de estas condiciones, las partes someter\u00e1n los conflictos a la<br \/>\njurisdicci\u00f3n ordinaria, someti\u00e9ndose a los Jueces y Tribunales que correspondan conforme a Derecho.<br \/>\nAs\u00ed mismo le informamos que dispone de un procedimiento de resoluci\u00f3n extrajudicial de controversias<br \/>\ngratuito y accesible a todos los ciudadanos, se trata de la plataforma de resoluci\u00f3n de litigios en l\u00ednea de<br \/>\nla Uni\u00f3n Europea, accesible a trav\u00e9s del siguiente enlace<br \/>\nhttps:\/\/ec.europa.eu\/consumers\/odr\/main\/?event=main.home2.show.<br \/>\nCookies<br \/>\nEn el caso de emplear tecnolog\u00eda \u201ccookie\u201d en la web, dispone de un apartado concreto que le<br \/>\ninforma sobre su existencia as\u00ed como de su pol\u00edtica de uso. Consulte el apartado \u201cpol\u00edtica de<br \/>\ncookies\u201d.<br \/>\nEn caso contrario, no se emplean cookies de navegaci\u00f3n.<br \/>\nDatos personales de menores<br \/>\nEsta p\u00e1gina web no est\u00e1 dirigida a usuarios menores de edad. Si usted es menor de edad, por favor no<br \/>\nintente registrarse como usuario. Si descubrimos que por error hemos obtenido informaci\u00f3n personal de<br \/>\nun menor, eliminaremos dicha informaci\u00f3n lo antes posible.<br \/>\nEjercicio de los derechos de protecci\u00f3n de datos<br \/>\nDe acuerdo con los derechos que confiere la normativa vigente en materia de protecci\u00f3n de datos de<br \/>\ncar\u00e1cter personal, el usuario podr\u00e1 ejercer los derechos de acceso, rectificaci\u00f3n, limitaci\u00f3n de<br \/>\ntratamiento, supresi\u00f3n, portabilidad y oposici\u00f3n al tratamiento de sus datos dirigiendo su petici\u00f3n a la<br \/>\ndirecci\u00f3n postal indicada o al correo electr\u00f3nico ORTIZNELIDA06@GMAIL.COM.<br \/>\nPara el ejercicio de los derechos deber\u00e1 identificarse mediante la presentaci\u00f3n de su DNI.<br \/>\nPara cualquier reclamaci\u00f3n puede dirigirse al mismo correo indicado. Igualmente podr\u00e1 dirigirse a la<\/p>\n<p>Agencia Espa\u00f1ola de Protecci\u00f3n de Datos: www.aepd.es<\/p>\n[\/vc_column_text][\/vc_column][\/vc_row]\n","protected":false},"excerpt":{"rendered":"<p>[vc_row type=\u00bbin_container\u00bb full_screen_row_position=\u00bbmiddle\u00bb column_margin=\u00bbdefault\u00bb column_direction=\u00bbdefault\u00bb column_direction_tablet=\u00bbdefault\u00bb column_direction_phone=\u00bbdefault\u00bb scene_position=\u00bbcenter\u00bb text_color=\u00bbdark\u00bb text_align=\u00bbleft\u00bb row_border_radius=\u00bbnone\u00bb row_border_radius_applies=\u00bbbg\u00bb overflow=\u00bbvisible\u00bb overlay_strength=\u00bb0.3&#8243; gradient_direction=\u00bbleft_to_right\u00bb shape_divider_position=\u00bbbottom\u00bb bg_image_animation=\u00bbnone\u00bb][vc_column column_padding=\u00bbno-extra-padding\u00bb column_padding_tablet=\u00bbinherit\u00bb column_padding_phone=\u00bbinherit\u00bb column_padding_position=\u00bball\u00bb column_element_direction_desktop=\u00bbdefault\u00bb column_element_spacing=\u00bbdefault\u00bb desktop_text_alignment=\u00bbdefault\u00bb tablet_text_alignment=\u00bbdefault\u00bb phone_text_alignment=\u00bbdefault\u00bb background_color_opacity=\u00bb1&#8243; background_hover_color_opacity=\u00bb1&#8243; column_backdrop_filter=\u00bbnone\u00bb column_shadow=\u00bbnone\u00bb&#8230;<\/p>\n","protected":false},"author":1,"featured_media":0,"parent":0,"menu_order":0,"comment_status":"closed","ping_status":"closed","template":"","meta":{"footnotes":""},"class_list":["post-39","page","type-page","status-publish"],"acf":[],"yoast_head":"<!-- This site is optimized with the Yoast SEO plugin v20.9 - https:\/\/yoast.com\/wordpress\/plugins\/seo\/ -->\n<title>Pol\u00edtica de privacidad - Antenista Altea<\/title>\n<meta name=\"robots\" content=\"noindex, follow\" \/>\n<meta property=\"og:locale\" content=\"es_ES\" \/>\n<meta property=\"og:type\" content=\"article\" \/>\n<meta property=\"og:title\" content=\"Pol\u00edtica de privacidad - Antenista Altea\" \/>\n<meta property=\"og:description\" content=\"[vc_row type=\u00bbin_container\u00bb full_screen_row_position=\u00bbmiddle\u00bb column_margin=\u00bbdefault\u00bb column_direction=\u00bbdefault\u00bb column_direction_tablet=\u00bbdefault\u00bb column_direction_phone=\u00bbdefault\u00bb scene_position=\u00bbcenter\u00bb text_color=\u00bbdark\u00bb text_align=\u00bbleft\u00bb row_border_radius=\u00bbnone\u00bb row_border_radius_applies=\u00bbbg\u00bb overflow=\u00bbvisible\u00bb overlay_strength=\u00bb0.3&#8243; gradient_direction=\u00bbleft_to_right\u00bb shape_divider_position=\u00bbbottom\u00bb bg_image_animation=\u00bbnone\u00bb][vc_column column_padding=\u00bbno-extra-padding\u00bb column_padding_tablet=\u00bbinherit\u00bb column_padding_phone=\u00bbinherit\u00bb column_padding_position=\u00bball\u00bb column_element_direction_desktop=\u00bbdefault\u00bb column_element_spacing=\u00bbdefault\u00bb desktop_text_alignment=\u00bbdefault\u00bb tablet_text_alignment=\u00bbdefault\u00bb phone_text_alignment=\u00bbdefault\u00bb background_color_opacity=\u00bb1&#8243; background_hover_color_opacity=\u00bb1&#8243; column_backdrop_filter=\u00bbnone\u00bb column_shadow=\u00bbnone\u00bb...\" \/>\n<meta property=\"og:url\" content=\"https:\/\/antenistaaltea.com\/index.php\/politica-de-privacidad\/\" \/>\n<meta property=\"og:site_name\" content=\"Antenista Altea\" \/>\n<meta property=\"article:modified_time\" content=\"2023-10-31T12:37:49+00:00\" \/>\n<meta name=\"twitter:card\" content=\"summary_large_image\" \/>\n<meta name=\"twitter:label1\" content=\"Tiempo de lectura\" \/>\n\t<meta name=\"twitter:data1\" content=\"10 minutos\" \/>\n<script type=\"application\/ld+json\" class=\"yoast-schema-graph\">{\"@context\":\"https:\/\/schema.org\",\"@graph\":[{\"@type\":\"WebPage\",\"@id\":\"https:\/\/antenistaaltea.com\/index.php\/politica-de-privacidad\/\",\"url\":\"https:\/\/antenistaaltea.com\/index.php\/politica-de-privacidad\/\",\"name\":\"Pol\u00edtica de privacidad - Antenista Altea\",\"isPartOf\":{\"@id\":\"https:\/\/antenistaaltea.com\/#website\"},\"datePublished\":\"2023-09-25T17:40:13+00:00\",\"dateModified\":\"2023-10-31T12:37:49+00:00\",\"breadcrumb\":{\"@id\":\"https:\/\/antenistaaltea.com\/index.php\/politica-de-privacidad\/#breadcrumb\"},\"inLanguage\":\"es\",\"potentialAction\":[{\"@type\":\"ReadAction\",\"target\":[\"https:\/\/antenistaaltea.com\/index.php\/politica-de-privacidad\/\"]}]},{\"@type\":\"BreadcrumbList\",\"@id\":\"https:\/\/antenistaaltea.com\/index.php\/politica-de-privacidad\/#breadcrumb\",\"itemListElement\":[{\"@type\":\"ListItem\",\"position\":1,\"name\":\"Portada\",\"item\":\"https:\/\/antenistaaltea.com\/\"},{\"@type\":\"ListItem\",\"position\":2,\"name\":\"Pol\u00edtica de privacidad\"}]},{\"@type\":\"WebSite\",\"@id\":\"https:\/\/antenistaaltea.com\/#website\",\"url\":\"https:\/\/antenistaaltea.com\/\",\"name\":\"Antenista Altea\",\"description\":\"Antenistas en Altea, servicios \u00edntegros de antenas terrestres y satelitales en la localidad de Altea , alta calidad en todos los servicios de antenatv.\",\"potentialAction\":[{\"@type\":\"SearchAction\",\"target\":{\"@type\":\"EntryPoint\",\"urlTemplate\":\"https:\/\/antenistaaltea.com\/?s={search_term_string}\"},\"query-input\":\"required name=search_term_string\"}],\"inLanguage\":\"es\"}]}<\/script>\n<!-- \/ Yoast SEO plugin. -->","yoast_head_json":{"title":"Pol\u00edtica de privacidad - Antenista Altea","robots":{"index":"noindex","follow":"follow"},"og_locale":"es_ES","og_type":"article","og_title":"Pol\u00edtica de privacidad - Antenista Altea","og_description":"[vc_row type=\u00bbin_container\u00bb full_screen_row_position=\u00bbmiddle\u00bb column_margin=\u00bbdefault\u00bb column_direction=\u00bbdefault\u00bb column_direction_tablet=\u00bbdefault\u00bb column_direction_phone=\u00bbdefault\u00bb scene_position=\u00bbcenter\u00bb text_color=\u00bbdark\u00bb text_align=\u00bbleft\u00bb row_border_radius=\u00bbnone\u00bb row_border_radius_applies=\u00bbbg\u00bb overflow=\u00bbvisible\u00bb overlay_strength=\u00bb0.3&#8243; gradient_direction=\u00bbleft_to_right\u00bb shape_divider_position=\u00bbbottom\u00bb bg_image_animation=\u00bbnone\u00bb][vc_column column_padding=\u00bbno-extra-padding\u00bb column_padding_tablet=\u00bbinherit\u00bb column_padding_phone=\u00bbinherit\u00bb column_padding_position=\u00bball\u00bb column_element_direction_desktop=\u00bbdefault\u00bb column_element_spacing=\u00bbdefault\u00bb desktop_text_alignment=\u00bbdefault\u00bb tablet_text_alignment=\u00bbdefault\u00bb phone_text_alignment=\u00bbdefault\u00bb background_color_opacity=\u00bb1&#8243; background_hover_color_opacity=\u00bb1&#8243; column_backdrop_filter=\u00bbnone\u00bb column_shadow=\u00bbnone\u00bb...","og_url":"https:\/\/antenistaaltea.com\/index.php\/politica-de-privacidad\/","og_site_name":"Antenista Altea","article_modified_time":"2023-10-31T12:37:49+00:00","twitter_card":"summary_large_image","twitter_misc":{"Tiempo de lectura":"10 minutos"},"schema":{"@context":"https:\/\/schema.org","@graph":[{"@type":"WebPage","@id":"https:\/\/antenistaaltea.com\/index.php\/politica-de-privacidad\/","url":"https:\/\/antenistaaltea.com\/index.php\/politica-de-privacidad\/","name":"Pol\u00edtica de privacidad - Antenista Altea","isPartOf":{"@id":"https:\/\/antenistaaltea.com\/#website"},"datePublished":"2023-09-25T17:40:13+00:00","dateModified":"2023-10-31T12:37:49+00:00","breadcrumb":{"@id":"https:\/\/antenistaaltea.com\/index.php\/politica-de-privacidad\/#breadcrumb"},"inLanguage":"es","potentialAction":[{"@type":"ReadAction","target":["https:\/\/antenistaaltea.com\/index.php\/politica-de-privacidad\/"]}]},{"@type":"BreadcrumbList","@id":"https:\/\/antenistaaltea.com\/index.php\/politica-de-privacidad\/#breadcrumb","itemListElement":[{"@type":"ListItem","position":1,"name":"Portada","item":"https:\/\/antenistaaltea.com\/"},{"@type":"ListItem","position":2,"name":"Pol\u00edtica de privacidad"}]},{"@type":"WebSite","@id":"https:\/\/antenistaaltea.com\/#website","url":"https:\/\/antenistaaltea.com\/","name":"Antenista Altea","description":"Antenistas en Altea, servicios \u00edntegros de antenas terrestres y satelitales en la localidad de Altea , alta calidad en todos los servicios de antenatv.","potentialAction":[{"@type":"SearchAction","target":{"@type":"EntryPoint","urlTemplate":"https:\/\/antenistaaltea.com\/?s={search_term_string}"},"query-input":"required name=search_term_string"}],"inLanguage":"es"}]}},"_links":{"self":[{"href":"https:\/\/antenistaaltea.com\/index.php\/wp-json\/wp\/v2\/pages\/39","targetHints":{"allow":["GET"]}}],"collection":[{"href":"https:\/\/antenistaaltea.com\/index.php\/wp-json\/wp\/v2\/pages"}],"about":[{"href":"https:\/\/antenistaaltea.com\/index.php\/wp-json\/wp\/v2\/types\/page"}],"author":[{"embeddable":true,"href":"https:\/\/antenistaaltea.com\/index.php\/wp-json\/wp\/v2\/users\/1"}],"replies":[{"embeddable":true,"href":"https:\/\/antenistaaltea.com\/index.php\/wp-json\/wp\/v2\/comments?post=39"}],"version-history":[{"count":4,"href":"https:\/\/antenistaaltea.com\/index.php\/wp-json\/wp\/v2\/pages\/39\/revisions"}],"predecessor-version":[{"id":46,"href":"https:\/\/antenistaaltea.com\/index.php\/wp-json\/wp\/v2\/pages\/39\/revisions\/46"}],"wp:attachment":[{"href":"https:\/\/antenistaaltea.com\/index.php\/wp-json\/wp\/v2\/media?parent=39"}],"curies":[{"name":"wp","href":"https:\/\/api.w.org\/{rel}","templated":true}]}}